{"id":623,"date":"2012-05-20T16:16:02","date_gmt":"2012-05-20T14:16:02","guid":{"rendered":"http:\/\/www.stefatelier.com\/blog\/?page_id=623"},"modified":"2024-07-09T07:13:12","modified_gmt":"2024-07-09T05:13:12","slug":"restauration-de-vitraux","status":"publish","type":"page","link":"https:\/\/www.stefatelier.com\/blog\/restauration-de-vitraux\/","title":{"rendered":"Restauration de vitraux"},"content":{"rendered":"\t\t<div data-elementor-type=\"wp-page\" data-elementor-id=\"623\" class=\"elementor elementor-623\" data-elementor-post-type=\"page\">\n\t\t\t\t\t\t<section class=\"elementor-section elementor-top-section elementor-element elementor-element-2e64623d elementor-section-full_width elementor-section-stretched elementor-section-height-default elementor-section-height-default\" data-id=\"2e64623d\" data-element_type=\"section\" data-e-type=\"section\" data-settings=\"{&quot;background_background&quot;:&quot;gradient&quot;,&quot;stretch_section&quot;:&quot;section-stretched&quot;}\">\n\t\t\t\t\t\t<div class=\"elementor-container elementor-column-gap-default\">\n\t\t\t\t\t<div class=\"elementor-column elementor-col-25 elementor-top-column elementor-element elementor-element-5145f8fb\" data-id=\"5145f8fb\" data-element_type=\"column\" data-e-type=\"column\" data-settings=\"{&quot;background_background&quot;:&quot;gradient&quot;}\">\n\t\t\t<div class=\"elementor-widget-wrap elementor-element-populated\">\n\t\t\t\t\t\t<div class=\"elementor-element elementor-element-2b498876 elementor-view-framed elementor-widget-mobile__width-initial elementor-shape-circle elementor-widget elementor-widget-icon\" data-id=\"2b498876\" data-element_type=\"widget\" data-e-type=\"widget\" data-widget_type=\"icon.default\">\n\t\t\t\t<div class=\"elementor-widget-container\">\n\t\t\t\t\t\t\t<div class=\"elementor-icon-wrapper\">\n\t\t\t<div class=\"elementor-icon\">\n\t\t\t<svg aria-hidden=\"true\" class=\"e-font-icon-svg e-fas-band-aid\" viewBox=\"0 0 640 512\" xmlns=\"http:\/\/www.w3.org\/2000\/svg\"><path d=\"M0 160v192c0 35.3 28.7 64 64 64h96V96H64c-35.3 0-64 28.7-64 64zm576-64h-96v320h96c35.3 0 64-28.7 64-64V160c0-35.3-28.7-64-64-64zM192 416h256V96H192v320zm176-232c13.3 0 24 10.7 24 24s-10.7 24-24 24-24-10.7-24-24 10.7-24 24-24zm0 96c13.3 0 24 10.7 24 24s-10.7 24-24 24-24-10.7-24-24 10.7-24 24-24zm-96-96c13.3 0 24 10.7 24 24s-10.7 24-24 24-24-10.7-24-24 10.7-24 24-24zm0 96c13.3 0 24 10.7 24 24s-10.7 24-24 24-24-10.7-24-24 10.7-24 24-24z\"><\/path><\/svg>\t\t\t<\/div>\n\t\t<\/div>\n\t\t\t\t\t\t<\/div>\n\t\t\t\t<\/div>\n\t\t\t\t\t<\/div>\n\t\t<\/div>\n\t\t\t\t<div class=\"elementor-column elementor-col-50 elementor-top-column elementor-element elementor-element-20cd6b0\" data-id=\"20cd6b0\" data-element_type=\"column\" data-e-type=\"column\">\n\t\t\t<div class=\"elementor-widget-wrap elementor-element-populated\">\n\t\t\t\t\t\t<div class=\"elementor-element elementor-element-56d5e758 elementor-widget-mobile__width-initial elementor-widget elementor-widget-heading\" data-id=\"56d5e758\" data-element_type=\"widget\" data-e-type=\"widget\" data-widget_type=\"heading.default\">\n\t\t\t\t<div class=\"elementor-widget-container\">\n\t\t\t\t\t<h2 class=\"elementor-heading-title elementor-size-default\">R\u00e9paration de vitrail <\/h2>\t\t\t\t<\/div>\n\t\t\t\t<\/div>\n\t\t\t\t\t<\/div>\n\t\t<\/div>\n\t\t\t\t<div class=\"elementor-column elementor-col-25 elementor-top-column elementor-element elementor-element-67edc0e\" data-id=\"67edc0e\" data-element_type=\"column\" data-e-type=\"column\">\n\t\t\t<div class=\"elementor-widget-wrap\">\n\t\t\t\t\t\t\t<\/div>\n\t\t<\/div>\n\t\t\t\t\t<\/div>\n\t\t<\/section>\n\t\t\t\t<section class=\"elementor-section elementor-top-section elementor-element elementor-element-d758693 elementor-section-full_width elementor-section-height-default elementor-section-height-default\" data-id=\"d758693\" data-element_type=\"section\" data-e-type=\"section\">\n\t\t\t\t\t\t<div class=\"elementor-container elementor-column-gap-default\">\n\t\t\t\t\t<div class=\"elementor-column elementor-col-100 elementor-top-column elementor-element elementor-element-ea2e18c\" data-id=\"ea2e18c\" data-element_type=\"column\" data-e-type=\"column\">\n\t\t\t<div class=\"elementor-widget-wrap elementor-element-populated\">\n\t\t\t\t\t\t<div class=\"elementor-element elementor-element-39e34da elementor-skin-carousel elementor-arrows-yes elementor-pagination-type-bullets elementor-pagination-position-outside elementor-invisible elementor-widget elementor-widget-media-carousel\" data-id=\"39e34da\" data-element_type=\"widget\" data-e-type=\"widget\" data-settings=\"{&quot;slides_per_view&quot;:&quot;6&quot;,&quot;slides_per_view_mobile&quot;:&quot;2&quot;,&quot;_animation&quot;:&quot;fadeInRight&quot;,&quot;skin&quot;:&quot;carousel&quot;,&quot;effect&quot;:&quot;slide&quot;,&quot;show_arrows&quot;:&quot;yes&quot;,&quot;pagination&quot;:&quot;bullets&quot;,&quot;speed&quot;:500,&quot;autoplay&quot;:&quot;yes&quot;,&quot;autoplay_speed&quot;:5000,&quot;loop&quot;:&quot;yes&quot;,&quot;pause_on_hover&quot;:&quot;yes&quot;,&quot;pause_on_interaction&quot;:&quot;yes&quot;,&quot;space_between&quot;:{&quot;unit&quot;:&quot;px&quot;,&quot;size&quot;:10,&quot;sizes&quot;:[]},&quot;space_between_tablet&quot;:{&quot;unit&quot;:&quot;px&quot;,&quot;size&quot;:10,&quot;sizes&quot;:[]},&quot;space_between_mobile&quot;:{&quot;unit&quot;:&quot;px&quot;,&quot;size&quot;:10,&quot;sizes&quot;:[]}}\" data-widget_type=\"media-carousel.default\">\n\t\t\t\t<div class=\"elementor-widget-container\">\n\t\t\t\t\t\t\t\t\t<div class=\"elementor-swiper\">\n\t\t\t\t\t<div class=\"elementor-main-swiper swiper\" role=\"region\" aria-roledescription=\"carousel\" aria-label=\"Diapositives\">\n\t\t\t\t<div class=\"swiper-wrapper\">\n\t\t\t\t\t\t\t\t\t\t\t<div class=\"swiper-slide\" role=\"group\" aria-roledescription=\"slide\">\n\t\t\t\t\t\t\t\t\t<div class=\"elementor-carousel-image\" role=\"img\" aria-label=\"restauration d&#039;un vitrail de Grubert Nancy\" style=\"background-image: url(&#039;https:\/\/www.stefatelier.com\/blog\/wp-content\/uploads\/2022\/01\/vitrail-grubert-fleurs-oranges-vertes-scaled.jpg&#039;)\">\n\n\t\t\t\n\t\t\t\t\t<\/div>\n\t\t\t\t\t\t\t\t<\/div>\n\t\t\t\t\t\t\t\t\t\t\t<div class=\"swiper-slide\" role=\"group\" aria-roledescription=\"slide\">\n\t\t\t\t\t\t\t\t\t<div class=\"elementor-carousel-image\" role=\"img\" aria-label=\"vitrail-ancien-5\" style=\"background-image: url(&#039;https:\/\/www.stefatelier.com\/blog\/wp-content\/uploads\/2020\/12\/vitrail-ancien-5-scaled.jpg&#039;)\">\n\n\t\t\t\n\t\t\t\t\t<\/div>\n\t\t\t\t\t\t\t\t<\/div>\n\t\t\t\t\t\t\t\t\t\t\t<div class=\"swiper-slide\" role=\"group\" aria-roledescription=\"slide\">\n\t\t\t\t\t\t\t\t\t<div class=\"elementor-carousel-image\" role=\"img\" aria-label=\"vitrail-clemathites\" style=\"background-image: url(&#039;https:\/\/www.stefatelier.com\/blog\/wp-content\/uploads\/2020\/05\/vitrail-clemathites-scaled.jpg&#039;)\">\n\n\t\t\t\n\t\t\t\t\t<\/div>\n\t\t\t\t\t\t\t\t<\/div>\n\t\t\t\t\t\t\t\t\t\t\t<div class=\"swiper-slide\" role=\"group\" aria-roledescription=\"slide\">\n\t\t\t\t\t\t\t\t\t<div class=\"elementor-carousel-image\" role=\"img\" aria-label=\"vitraux art d\u00e9coratif et petits losanges rouges\" style=\"background-image: url(&#039;https:\/\/www.stefatelier.com\/blog\/wp-content\/uploads\/2020\/03\/vitrail-art-deco-metz-scaled-e1585485720387.jpg&#039;)\">\n\n\t\t\t\n\t\t\t\t\t<\/div>\n\t\t\t\t\t\t\t\t<\/div>\n\t\t\t\t\t\t\t\t\t\t\t<div class=\"swiper-slide\" role=\"group\" aria-roledescription=\"slide\">\n\t\t\t\t\t\t\t\t\t<div class=\"elementor-carousel-image\" role=\"img\" aria-label=\"vitrail-jouy-sous-les-cotes-restauration\" style=\"background-image: url(&#039;https:\/\/www.stefatelier.com\/blog\/wp-content\/uploads\/2018\/07\/vitrail-jouy-sous-les-cotes-restauration-e1573409775790.jpg&#039;)\">\n\n\t\t\t\n\t\t\t\t\t<\/div>\n\t\t\t\t\t\t\t\t<\/div>\n\t\t\t\t\t\t\t\t\t\t\t<div class=\"swiper-slide\" role=\"group\" aria-roledescription=\"slide\">\n\t\t\t\t\t\t\t\t\t<div class=\"elementor-carousel-image\" role=\"img\" aria-label=\"restauration-vitraux-apres\" style=\"background-image: url(&#039;https:\/\/www.stefatelier.com\/blog\/wp-content\/uploads\/2017\/06\/restauration-vitraux-apres-e1573408236708.jpg&#039;)\">\n\n\t\t\t\n\t\t\t\t\t<\/div>\n\t\t\t\t\t\t\t\t<\/div>\n\t\t\t\t\t\t\t\t\t\t\t<div class=\"swiper-slide\" role=\"group\" aria-roledescription=\"slide\">\n\t\t\t\t\t\t\t\t\t<div class=\"elementor-carousel-image\" role=\"img\" aria-label=\"vitrail vierge \u00e0 l&#039;enfant du 19\u00e8me\" style=\"background-image: url(&#039;https:\/\/www.stefatelier.com\/blog\/wp-content\/uploads\/2016\/06\/vitrail-vierge-enfant-1.jpg&#039;)\">\n\n\t\t\t\n\t\t\t\t\t<\/div>\n\t\t\t\t\t\t\t\t<\/div>\n\t\t\t\t\t\t\t\t\t\t\t<div class=\"swiper-slide\" role=\"group\" aria-roledescription=\"slide\">\n\t\t\t\t\t\t\t\t\t<div class=\"elementor-carousel-image\" role=\"img\" aria-label=\"restauration de la rosace du temple \u00e0 luneville\" style=\"background-image: url(&#039;https:\/\/www.stefatelier.com\/blog\/wp-content\/uploads\/2015\/09\/Restauration-temple-2.jpg&#039;)\">\n\n\t\t\t\n\t\t\t\t\t<\/div>\n\t\t\t\t\t\t\t\t<\/div>\n\t\t\t\t\t\t\t\t\t<\/div>\n\t\t\t\t\t\t\t\t\t\t\t\t\t\t\t<div class=\"elementor-swiper-button elementor-swiper-button-prev\" role=\"button\" tabindex=\"0\" aria-label=\"Pr\u00e9c\u00e9dent\">\n\t\t\t\t\t\t\t<svg aria-hidden=\"true\" class=\"e-font-icon-svg e-eicon-chevron-left\" viewBox=\"0 0 1000 1000\" xmlns=\"http:\/\/www.w3.org\/2000\/svg\"><path d=\"M646 125C629 125 613 133 604 142L308 442C296 454 292 471 292 487 292 504 296 521 308 533L604 854C617 867 629 875 646 875 663 875 679 871 692 858 704 846 713 829 713 812 713 796 708 779 692 767L438 487 692 225C700 217 708 204 708 187 708 171 704 154 692 142 675 129 663 125 646 125Z\"><\/path><\/svg>\t\t\t\t\t\t<\/div>\n\t\t\t\t\t\t<div class=\"elementor-swiper-button elementor-swiper-button-next\" role=\"button\" tabindex=\"0\" aria-label=\"Suivant\">\n\t\t\t\t\t\t\t<svg aria-hidden=\"true\" class=\"e-font-icon-svg e-eicon-chevron-right\" viewBox=\"0 0 1000 1000\" xmlns=\"http:\/\/www.w3.org\/2000\/svg\"><path d=\"M696 533C708 521 713 504 713 487 713 471 708 454 696 446L400 146C388 133 375 125 354 125 338 125 325 129 313 142 300 154 292 171 292 187 292 204 296 221 308 233L563 492 304 771C292 783 288 800 288 817 288 833 296 850 308 863 321 871 338 875 354 875 371 875 388 867 400 854L696 533Z\"><\/path><\/svg>\t\t\t\t\t\t<\/div>\n\t\t\t\t\t\t\t\t\t\t\t\t\t\t\t\t<div class=\"swiper-pagination\"><\/div>\n\t\t\t\t\t\t\t\t\t\t\t\t<\/div>\n\t\t\t\t<\/div>\n\t\t\t\t\t\t\t\t<\/div>\n\t\t\t\t<\/div>\n\t\t\t\t\t<\/div>\n\t\t<\/div>\n\t\t\t\t\t<\/div>\n\t\t<\/section>\n\t\t\t\t<section class=\"elementor-section elementor-top-section elementor-element elementor-element-6359f6c elementor-section-boxed elementor-section-height-default elementor-section-height-default elementor-invisible\" data-id=\"6359f6c\" data-element_type=\"section\" data-e-type=\"section\" data-settings=\"{&quot;animation&quot;:&quot;fadeIn&quot;}\">\n\t\t\t\t\t\t<div class=\"elementor-container elementor-column-gap-default\">\n\t\t\t\t\t<div class=\"elementor-column elementor-col-50 elementor-top-column elementor-element elementor-element-6fe1f69\" data-id=\"6fe1f69\" data-element_type=\"column\" data-e-type=\"column\">\n\t\t\t<div class=\"elementor-widget-wrap elementor-element-populated\">\n\t\t\t\t\t\t<div class=\"elementor-element elementor-element-cdb6d0b elementor-hidden-mobile elementor-widget elementor-widget-image\" data-id=\"cdb6d0b\" data-element_type=\"widget\" data-e-type=\"widget\" data-widget_type=\"image.default\">\n\t\t\t\t<div class=\"elementor-widget-container\">\n\t\t\t\t\t\t\t\t\t\t\t\t\t\t\t<img fetchpriority=\"high\" decoding=\"async\" width=\"525\" height=\"798\" src=\"https:\/\/www.stefatelier.com\/blog\/wp-content\/uploads\/2021\/12\/Vitrail-grubert-plomb-674x1024.jpg\" class=\"attachment-large size-large wp-image-1077626\" alt=\"\" srcset=\"https:\/\/www.stefatelier.com\/blog\/wp-content\/uploads\/2021\/12\/Vitrail-grubert-plomb-674x1024.jpg 674w, https:\/\/www.stefatelier.com\/blog\/wp-content\/uploads\/2021\/12\/Vitrail-grubert-plomb-198x300.jpg 198w, https:\/\/www.stefatelier.com\/blog\/wp-content\/uploads\/2021\/12\/Vitrail-grubert-plomb-768x1166.jpg 768w, https:\/\/www.stefatelier.com\/blog\/wp-content\/uploads\/2021\/12\/Vitrail-grubert-plomb-1012x1536.jpg 1012w, https:\/\/www.stefatelier.com\/blog\/wp-content\/uploads\/2021\/12\/Vitrail-grubert-plomb-1349x2048.jpg 1349w, https:\/\/www.stefatelier.com\/blog\/wp-content\/uploads\/2021\/12\/Vitrail-grubert-plomb-1310x1989.jpg 1310w, https:\/\/www.stefatelier.com\/blog\/wp-content\/uploads\/2021\/12\/Vitrail-grubert-plomb-800x1215.jpg 800w, https:\/\/www.stefatelier.com\/blog\/wp-content\/uploads\/2021\/12\/Vitrail-grubert-plomb-scaled.jpg 1686w\" sizes=\"100vw\" \/>\t\t\t\t\t\t\t\t\t\t\t\t\t\t\t<\/div>\n\t\t\t\t<\/div>\n\t\t\t\t\t<\/div>\n\t\t<\/div>\n\t\t\t\t<div class=\"elementor-column elementor-col-50 elementor-top-column elementor-element elementor-element-6910dba\" data-id=\"6910dba\" data-element_type=\"column\" data-e-type=\"column\">\n\t\t\t<div class=\"elementor-widget-wrap elementor-element-populated\">\n\t\t\t\t\t\t<div class=\"elementor-element elementor-element-68df5a8 elementor-position-right elementor-vertical-align-top elementor-widget elementor-widget-image-box\" data-id=\"68df5a8\" data-element_type=\"widget\" data-e-type=\"widget\" data-widget_type=\"image-box.default\">\n\t\t\t\t<div class=\"elementor-widget-container\">\n\t\t\t\t\t<div class=\"elementor-image-box-wrapper\"><figure class=\"elementor-image-box-img\"><img decoding=\"async\" width=\"1686\" height=\"2560\" src=\"https:\/\/www.stefatelier.com\/blog\/wp-content\/uploads\/2021\/12\/vitrail-grubert-scaled.jpg\" class=\"attachment-full size-full wp-image-1077628\" alt=\"mise en plomb de la restauration d&#039;un vitrail de Grubert\" srcset=\"https:\/\/www.stefatelier.com\/blog\/wp-content\/uploads\/2021\/12\/vitrail-grubert-scaled.jpg 1686w, https:\/\/www.stefatelier.com\/blog\/wp-content\/uploads\/2021\/12\/vitrail-grubert-198x300.jpg 198w, https:\/\/www.stefatelier.com\/blog\/wp-content\/uploads\/2021\/12\/vitrail-grubert-674x1024.jpg 674w, https:\/\/www.stefatelier.com\/blog\/wp-content\/uploads\/2021\/12\/vitrail-grubert-768x1166.jpg 768w, https:\/\/www.stefatelier.com\/blog\/wp-content\/uploads\/2021\/12\/vitrail-grubert-1012x1536.jpg 1012w, https:\/\/www.stefatelier.com\/blog\/wp-content\/uploads\/2021\/12\/vitrail-grubert-1349x2048.jpg 1349w, https:\/\/www.stefatelier.com\/blog\/wp-content\/uploads\/2021\/12\/vitrail-grubert-1310x1989.jpg 1310w, https:\/\/www.stefatelier.com\/blog\/wp-content\/uploads\/2021\/12\/vitrail-grubert-800x1215.jpg 800w\" sizes=\"(max-width: 706px) 89vw, (max-width: 767px) 82vw, 740px\" \/><\/figure><div class=\"elementor-image-box-content\"><p class=\"elementor-image-box-description\"><br>Qu'ils soient des vitraux d'habitations priv\u00e9es ou des vitraux d'\u00e9glises.\nNous pouvons intervenir pour changer des morceaux de verre cass\u00e9s.\nNous pouvons aussi remettre en \u00e9tat les plombs ou les changer pour remettre \u00e0 neuf votre vitrail.\n\nDepuis 1994, nous sommes intervenus sur de nombreux vitraux priv\u00e9s et publiques.<\/p><\/div><\/div>\t\t\t\t<\/div>\n\t\t\t\t<\/div>\n\t\t\t\t\t<\/div>\n\t\t<\/div>\n\t\t\t\t\t<\/div>\n\t\t<\/section>\n\t\t\t\t<section class=\"elementor-section elementor-top-section elementor-element elementor-element-70ecad03 elementor-section-boxed elementor-section-height-default elementor-section-height-default\" data-id=\"70ecad03\" data-element_type=\"section\" data-e-type=\"section\">\n\t\t\t\t\t\t<div class=\"elementor-container elementor-column-gap-default\">\n\t\t\t\t\t<div class=\"elementor-column elementor-col-100 elementor-top-column elementor-element elementor-element-7d24b297\" data-id=\"7d24b297\" data-element_type=\"column\" data-e-type=\"column\">\n\t\t\t<div class=\"elementor-widget-wrap elementor-element-populated\">\n\t\t\t\t\t\t<div class=\"elementor-element elementor-element-5d6fd6b elementor-widget elementor-widget-image\" data-id=\"5d6fd6b\" data-element_type=\"widget\" data-e-type=\"widget\" data-widget_type=\"image.default\">\n\t\t\t\t<div class=\"elementor-widget-container\">\n\t\t\t\t\t\t\t\t\t\t\t\t\t\t\t<img decoding=\"async\" width=\"525\" height=\"171\" src=\"https:\/\/www.stefatelier.com\/blog\/wp-content\/uploads\/2022\/07\/Capture-de\u0301cran-2022-07-30-a\u0300-22.35.36.png\" class=\"attachment-large size-large wp-image-1079359\" alt=\"\" srcset=\"https:\/\/www.stefatelier.com\/blog\/wp-content\/uploads\/2022\/07\/Capture-de\u0301cran-2022-07-30-a\u0300-22.35.36.png 940w, https:\/\/www.stefatelier.com\/blog\/wp-content\/uploads\/2022\/07\/Capture-de\u0301cran-2022-07-30-a\u0300-22.35.36-300x98.png 300w, https:\/\/www.stefatelier.com\/blog\/wp-content\/uploads\/2022\/07\/Capture-de\u0301cran-2022-07-30-a\u0300-22.35.36-768x250.png 768w, https:\/\/www.stefatelier.com\/blog\/wp-content\/uploads\/2022\/07\/Capture-de\u0301cran-2022-07-30-a\u0300-22.35.36-800x260.png 800w\" sizes=\"100vw\" \/>\t\t\t\t\t\t\t\t\t\t\t\t\t\t\t<\/div>\n\t\t\t\t<\/div>\n\t\t\t\t<div class=\"elementor-element elementor-element-76a9c01b elementor-widget elementor-widget-text-editor\" data-id=\"76a9c01b\" data-element_type=\"widget\" data-e-type=\"widget\" data-widget_type=\"text-editor.default\">\n\t\t\t\t<div class=\"elementor-widget-container\">\n\t\t\t\t\t\t\t\t\t<p style=\"text-align: center;\">\n<\/p><p style=\"text-align: center;\">\n<\/p><p style=\"text-align: center;\">\n<\/p><p><a title=\"BLOG atelier restauration de vitraux\" href=\"http:\/\/www.stefatelier.com\/blog\/category\/restauration-vitrail\"><img loading=\"lazy\" decoding=\"async\" class=\"alignnone wp-image-959970\" src=\"http:\/\/www.stefatelier.com\/blog\/wp-content\/uploads\/2014\/04\/logo-blog-vitrail.png\" alt=\"logo-blog-vitrail\" width=\"80\" height=\"80\" srcset=\"https:\/\/www.stefatelier.com\/blog\/wp-content\/uploads\/2014\/04\/logo-blog-vitrail.png 113w, https:\/\/www.stefatelier.com\/blog\/wp-content\/uploads\/2014\/04\/logo-blog-vitrail-50x50.png 50w\" sizes=\"(max-width: 80px) 100vw, 80px\" \/><br \/><\/a><\/p>\n<p>R<a title=\"BLOG atelier restauration de vitraux\" href=\"http:\/\/www.stefatelier.com\/blog\/category\/restauration-vitrail\">estaurations de vitraux, c&rsquo;est ici sur le blog<\/a><\/p><p><\/p>\t\t\t\t\t\t\t\t<\/div>\n\t\t\t\t<\/div>\n\t\t\t\t\t<\/div>\n\t\t<\/div>\n\t\t\t\t\t<\/div>\n\t\t<\/section>\n\t\t\t\t<\/div>\n\t\t","protected":false},"excerpt":{"rendered":"<p>R\u00e9paration de vitrail Pr\u00e9c\u00e9dent Suivant Qu&rsquo;ils soient des vitraux d&rsquo;habitations priv\u00e9es ou des vitraux d&rsquo;\u00e9glises. Nous pouvons intervenir pour changer des morceaux de verre cass\u00e9s. Nous pouvons aussi remettre en \u00e9tat les plombs ou les changer pour remettre \u00e0 neuf votre vitrail. Depuis 1994, nous sommes intervenus sur de nombreux vitraux priv\u00e9s et publiques. Restaurations &hellip; <\/p>\n<p class=\"link-more\"><a href=\"https:\/\/www.stefatelier.com\/blog\/restauration-de-vitraux\/\" class=\"more-link\">Continuer la lecture<span class=\"screen-reader-text\"> de &laquo;&nbsp;Restauration de vitraux&nbsp;&raquo;<\/span><\/a><\/p>\n","protected":false},"author":2,"featured_media":0,"parent":0,"menu_order":0,"comment_status":"closed","ping_status":"closed","template":"elementor_header_footer","meta":{"footnotes":""},"class_list":["post-623","page","type-page","status-publish","hentry"],"_links":{"self":[{"href":"https:\/\/www.stefatelier.com\/blog\/wp-json\/wp\/v2\/pages\/623","targetHints":{"allow":["GET"]}}],"collection":[{"href":"https:\/\/www.stefatelier.com\/blog\/wp-json\/wp\/v2\/pages"}],"about":[{"href":"https:\/\/www.stefatelier.com\/blog\/wp-json\/wp\/v2\/types\/page"}],"author":[{"embeddable":true,"href":"https:\/\/www.stefatelier.com\/blog\/wp-json\/wp\/v2\/users\/2"}],"replies":[{"embeddable":true,"href":"https:\/\/www.stefatelier.com\/blog\/wp-json\/wp\/v2\/comments?post=623"}],"version-history":[{"count":72,"href":"https:\/\/www.stefatelier.com\/blog\/wp-json\/wp\/v2\/pages\/623\/revisions"}],"predecessor-version":[{"id":1080172,"href":"https:\/\/www.stefatelier.com\/blog\/wp-json\/wp\/v2\/pages\/623\/revisions\/1080172"}],"wp:attachment":[{"href":"https:\/\/www.stefatelier.com\/blog\/wp-json\/wp\/v2\/media?parent=623"}],"curies":[{"name":"wp","href":"https:\/\/api.w.org\/{rel}","templated":true}]}}