{"id":1008558,"date":"2014-07-20T15:03:48","date_gmt":"2014-07-20T13:03:48","guid":{"rendered":"http:\/\/www.stefatelier.com\/blog\/?page_id=1008558"},"modified":"2014-07-20T15:08:14","modified_gmt":"2014-07-20T13:08:14","slug":"erreur","status":"publish","type":"page","link":"https:\/\/www.stefatelier.com\/blog\/erreur\/","title":{"rendered":"Page introuvable"},"content":{"rendered":"<p style=\"text-align: center;\">la page que vous cherchez \u00e0 consulter,<\/p>\n<p style=\"text-align: center;\">sur le site de l&rsquo;atelier de vitrail<\/p>\n<p style=\"text-align: center;\">n&rsquo;existe peut-\u00eatre plus<\/p>\n<p style=\"text-align: center;\">ou l&rsquo;acc\u00e8s n&rsquo;est pas autoris\u00e9<\/p>\n<p style=\"text-align: center;\">Merci de choisir une nouvelle destination dans notre menu<\/p>\n<p style=\"text-align: center;\">\n","protected":false},"excerpt":{"rendered":"<p>la page que vous cherchez \u00e0 consulter, sur le site de l&rsquo;atelier de vitrail n&rsquo;existe peut-\u00eatre plus ou l&rsquo;acc\u00e8s n&rsquo;est pas autoris\u00e9 Merci de choisir une nouvelle destination dans notre menu<\/p>\n","protected":false},"author":2,"featured_media":0,"parent":0,"menu_order":0,"comment_status":"closed","ping_status":"closed","template":"","meta":{"footnotes":""},"class_list":["post-1008558","page","type-page","status-publish","hentry"],"_links":{"self":[{"href":"https:\/\/www.stefatelier.com\/blog\/wp-json\/wp\/v2\/pages\/1008558","targetHints":{"allow":["GET"]}}],"collection":[{"href":"https:\/\/www.stefatelier.com\/blog\/wp-json\/wp\/v2\/pages"}],"about":[{"href":"https:\/\/www.stefatelier.com\/blog\/wp-json\/wp\/v2\/types\/page"}],"author":[{"embeddable":true,"href":"https:\/\/www.stefatelier.com\/blog\/wp-json\/wp\/v2\/users\/2"}],"replies":[{"embeddable":true,"href":"https:\/\/www.stefatelier.com\/blog\/wp-json\/wp\/v2\/comments?post=1008558"}],"version-history":[{"count":2,"href":"https:\/\/www.stefatelier.com\/blog\/wp-json\/wp\/v2\/pages\/1008558\/revisions"}],"predecessor-version":[{"id":1008560,"href":"https:\/\/www.stefatelier.com\/blog\/wp-json\/wp\/v2\/pages\/1008558\/revisions\/1008560"}],"wp:attachment":[{"href":"https:\/\/www.stefatelier.com\/blog\/wp-json\/wp\/v2\/media?parent=1008558"}],"curies":[{"name":"wp","href":"https:\/\/api.w.org\/{rel}","templated":true}]}}